{"id":1078,"date":"2018-09-18T09:24:03","date_gmt":"2018-09-18T02:24:03","guid":{"rendered":"https:\/\/coispa.com.vn\/about-coi-spa-massage-in-hue-city\/"},"modified":"2022-12-28T23:58:29","modified_gmt":"2022-12-28T16:58:29","slug":"gioi-thieu","status":"publish","type":"page","link":"https:\/\/coispa.com.vn\/vi\/gioi-thieu\/","title":{"rendered":"Gi\u1edbi thi\u1ec7u"},"content":{"rendered":"\t\t<div data-elementor-type=\"wp-post\" data-elementor-id=\"1078\" class=\"elementor elementor-1078\" data-elementor-settings=\"[]\">\n\t\t\t<div class=\"elementor-inner\">\n\t\t\t\t<div class=\"elementor-section-wrap\">\n\t\t\t\t\t\t\t<section class=\"elementor-element elementor-element-3960e5a elementor-section-boxed elementor-section-height-default elementor-section-height-default elementor-section elementor-top-section\" data-id=\"3960e5a\" data-element_type=\"section\">\n\t\t\t\t\t\t<div class=\"elementor-container elementor-column-gap-default\">\n\t\t\t\t<div class=\"elementor-row\">\n\t\t\t\t<div class=\"elementor-element elementor-element-cba50fc elementor-column elementor-col-50 elementor-top-column\" data-id=\"cba50fc\" data-element_type=\"column\" data-settings=\"{&quot;background_background&quot;:&quot;classic&quot;}\">\n\t\t\t<div class=\"elementor-column-wrap  elementor-element-populated\">\n\t\t\t\t\t\t\t<div class=\"elementor-background-overlay\"><\/div>\n\t\t\t\t\t<div class=\"elementor-widget-wrap\">\n\t\t\t\t<div class=\"elementor-element elementor-element-2190dba elementor-aspect-ratio-43 elementor-widget elementor-widget-video\" data-id=\"2190dba\" data-element_type=\"widget\" data-settings=\"{&quot;aspect_ratio&quot;:&quot;43&quot;}\" data-widget_type=\"video.default\">\n\t\t\t\t<div class=\"elementor-widget-container\">\n\t\t\t\t\t<div class=\"elementor-wrapper elementor-fit-aspect-ratio elementor-open-inline\">\n\t\t\t<iframe class=\"elementor-video-iframe\" allowfullscreen title=\"youtube Video Player\" src=\"https:\/\/www.youtube-nocookie.com\/embed\/_25r7ISkx-E?feature=oembed&amp;autoplay=1&amp;start&amp;end&amp;wmode=opaque&amp;loop=0&amp;controls=1&amp;mute=1&amp;rel=0&amp;modestbranding=1\"><\/iframe>\t\t<\/div>\n\t\t\t\t<\/div>\n\t\t\t\t<\/div>\n\t\t\t\t\t\t<\/div>\n\t\t\t<\/div>\n\t\t<\/div>\n\t\t\t\t<div class=\"elementor-element elementor-element-feab662 elementor-column elementor-col-50 elementor-top-column\" data-id=\"feab662\" data-element_type=\"column\" data-settings=\"{&quot;background_background&quot;:&quot;classic&quot;}\">\n\t\t\t<div class=\"elementor-column-wrap  elementor-element-populated\">\n\t\t\t\t\t<div class=\"elementor-widget-wrap\">\n\t\t\t\t<div class=\"elementor-element elementor-element-f44b7a5 elementor-widget elementor-widget-text-editor\" data-id=\"f44b7a5\" data-element_type=\"widget\" data-widget_type=\"text-editor.default\">\n\t\t\t\t<div class=\"elementor-widget-container\">\n\t\t\t\t\t<div class=\"elementor-text-editor elementor-clearfix\"><p>C\u1ed9i spa \u0111\u01b0\u1ee3c t\u1ecda l\u1ea1c \u1edf m\u1ed9t v\u1ecb tr\u00ed l\u00fd t\u01b0\u1edfng, n\u1eb1m gi\u00e1p ranh gi\u1eefa trung t\u00e2m th\u00e0nh ph\u1ed1 v\u00e0 th\u00f4n V\u0129 D\u1ea1 x\u01b0a c\u0169, l\u00e0 n\u01a1i giao thoa gi\u1eefa hai n\u1ec1n v\u0103n h\u00f3a di\u1ec7n \u0111\u1ea1i v\u00e0 c\u1ed5 k\u00ednh.<\/p><p>\u0110\u1ebfn v\u1edbi C\u1ed9i Spa b\u1ea1n s\u1ebd c\u1ea3m nh\u1eadn nh\u01b0 \u0111\u01b0\u1ee3c tr\u1edf v\u1ec1 ngu\u1ed3n c\u1ed9i, \u0111\u01b0\u1ee3c tr\u1edf v\u1ec1 ch\u00ednh m\u00ecnh b\u1edfi kh\u00f4ng gian y\u00ean t\u0129nh, m\u1ed9c m\u1ea1c bao quyanh khu v\u01b0\u1eddn xanh m\u00e1t c\u00f9ng v\u1edbi ng\u1ed3i nh\u00e0 r\u01b0\u1eddng c\u1ed5 k\u00ednh.<\/p><p>C\u1ed9i Spa th\u1ec3 hi\u1ec7n s\u1ef1 k\u1ebft h\u1ee3p tinh t\u1ebf v\u00e0 \u0111\u1ed9c \u0111\u00e1o c\u1ee7a phong c\u00e1ch truy\u1ec1n th\u1ed1ng qu\u00fd gi\u00e1 v\u00e0 s\u1ef1 s\u1ed1ng \u0111\u1ed9ng c\u1ee7a ngh\u1ec7 thu\u1eadt hi\u1ec7n \u0111\u1ea1i c\u1ee7a Vi\u1ec7t Nam mang \u0111\u1ebfn s\u1ef1 h\u00e0i h\u00f2a c\u1ee7a m\u00f4i tr\u01b0\u1eddng t\u1ef1 nhi\u00ean \u00eam d\u1ecbu v\u00e0 v\u0103n h\u00f3a \u0111\u1ecba ph\u01b0\u01a1ng.<\/p><p>Nh\u01b0ng d\u1ecbch v\u1ee5 v\u00e0 li\u1ec7u tr\u00ecnh c\u1ee7a ch\u00fang t\u00f4i k\u1ebft h\u1ee3p v\u1edbi kh\u00f4ng gian y\u00ean t\u0129nh trong l\u00e0nh s\u1ebd gi\u00fap b\u1ea1n l\u00e0m m\u1edbi tinh th\u1ea7n, th\u01b0 gi\u1ea3n v\u00e0 tho\u1ea3i m\u00e1i<\/p><\/div>\n\t\t\t\t<\/div>\n\t\t\t\t<\/div>\n\t\t\t\t\t\t<\/div>\n\t\t\t<\/div>\n\t\t<\/div>\n\t\t\t\t\t\t<\/div>\n\t\t\t<\/div>\n\t\t<\/section>\n\t\t\t\t\t\t<\/div>\n\t\t\t<\/div>\n\t\t<\/div>\n\t\t","protected":false},"excerpt":{"rendered":"<p>https:\/\/youtu.be\/_25r7ISkx-E C\u1ed9i spa \u0111\u01b0\u1ee3c t\u1ecda l\u1ea1c \u1edf m\u1ed9t v\u1ecb tr\u00ed l\u00fd t\u01b0\u1edfng, n\u1eb1m gi\u00e1p ranh gi\u1eefa trung t\u00e2m th\u00e0nh ph\u1ed1 v\u00e0 th\u00f4n V\u0129 D\u1ea1 x\u01b0a c\u0169, l\u00e0 n\u01a1i giao thoa gi\u1eefa hai n\u1ec1n v\u0103n h\u00f3a di\u1ec7n \u0111\u1ea1i v\u00e0 c\u1ed5 k\u00ednh. \u0110\u1ebfn v\u1edbi C\u1ed9i Spa b\u1ea1n s\u1ebd c\u1ea3m nh\u1eadn nh\u01b0 \u0111\u01b0\u1ee3c tr\u1edf v\u1ec1 ngu\u1ed3n c\u1ed9i, \u0111\u01b0\u1ee3c [&hellip;]<\/p>\n","protected":false},"author":1,"featured_media":0,"parent":0,"menu_order":0,"comment_status":"closed","ping_status":"closed","template":"elementor_header_footer","meta":[],"yoast_head":"<!-- This site is optimized with the Yoast SEO plugin v14.2 - https:\/\/yoast.com\/wordpress\/plugins\/seo\/ -->\n<title>Gi\u1edbi thi\u1ec7u - Massage Spa ch\u0103m s\u00f3c s\u1ee9c kh\u1ecfe v\u00e0 s\u1eafc \u0111\u1eb9p<\/title>\n<meta name=\"robots\" content=\"noindex, follow\" \/>\n<meta property=\"og:locale\" content=\"vi_VN\" \/>\n<meta property=\"og:type\" content=\"article\" \/>\n<meta property=\"og:title\" content=\"Gi\u1edbi thi\u1ec7u - Massage Spa ch\u0103m s\u00f3c s\u1ee9c kh\u1ecfe v\u00e0 s\u1eafc \u0111\u1eb9p\" \/>\n<meta property=\"og:description\" content=\"https:\/\/youtu.be\/_25r7ISkx-E C\u1ed9i spa \u0111\u01b0\u1ee3c t\u1ecda l\u1ea1c \u1edf m\u1ed9t v\u1ecb tr\u00ed l\u00fd t\u01b0\u1edfng, n\u1eb1m gi\u00e1p ranh gi\u1eefa trung t\u00e2m th\u00e0nh ph\u1ed1 v\u00e0 th\u00f4n V\u0129 D\u1ea1 x\u01b0a c\u0169, l\u00e0 n\u01a1i giao thoa gi\u1eefa hai n\u1ec1n v\u0103n h\u00f3a di\u1ec7n \u0111\u1ea1i v\u00e0 c\u1ed5 k\u00ednh. \u0110\u1ebfn v\u1edbi C\u1ed9i Spa b\u1ea1n s\u1ebd c\u1ea3m nh\u1eadn nh\u01b0 \u0111\u01b0\u1ee3c tr\u1edf v\u1ec1 ngu\u1ed3n c\u1ed9i, \u0111\u01b0\u1ee3c [&hellip;]\" \/>\n<meta property=\"og:url\" content=\"https:\/\/coispa.com.vn\/vi\/gioi-thieu\/\" \/>\n<meta property=\"og:site_name\" content=\"Massage Spa ch\u0103m s\u00f3c s\u1ee9c kh\u1ecfe v\u00e0 s\u1eafc \u0111\u1eb9p\" \/>\n<meta property=\"article:publisher\" content=\"https:\/\/www.facebook.com\/coispahue\/\" \/>\n<meta property=\"article:modified_time\" content=\"2022-12-28T16:58:29+00:00\" \/>\n<meta name=\"twitter:card\" content=\"summary_large_image\" \/>\n<meta name=\"twitter:creator\" content=\"@coispahue\" \/>\n<meta name=\"twitter:site\" content=\"@coispahue\" \/>\n<script type=\"application\/ld+json\" class=\"yoast-schema-graph\">{\"@context\":\"https:\/\/schema.org\",\"@graph\":[{\"@type\":\"WebSite\",\"@id\":\"https:\/\/coispa.com.vn\/vi\/#website\",\"url\":\"https:\/\/coispa.com.vn\/vi\/\",\"name\":\"Massage Spa ch\\u0103m s\\u00f3c s\\u1ee9c kh\\u1ecfe v\\u00e0 s\\u1eafc \\u0111\\u1eb9p\",\"description\":\"C\\u1ed9i Spa\",\"potentialAction\":[{\"@type\":\"SearchAction\",\"target\":\"https:\/\/coispa.com.vn\/vi\/?s={search_term_string}\",\"query-input\":\"required name=search_term_string\"}],\"inLanguage\":\"vi\"},{\"@type\":\"WebPage\",\"@id\":\"https:\/\/coispa.com.vn\/vi\/gioi-thieu\/#webpage\",\"url\":\"https:\/\/coispa.com.vn\/vi\/gioi-thieu\/\",\"name\":\"Gi\\u1edbi thi\\u1ec7u - Massage Spa ch\\u0103m s\\u00f3c s\\u1ee9c kh\\u1ecfe v\\u00e0 s\\u1eafc \\u0111\\u1eb9p\",\"isPartOf\":{\"@id\":\"https:\/\/coispa.com.vn\/vi\/#website\"},\"datePublished\":\"2018-09-18T02:24:03+00:00\",\"dateModified\":\"2022-12-28T16:58:29+00:00\",\"inLanguage\":\"vi\",\"potentialAction\":[{\"@type\":\"ReadAction\",\"target\":[\"https:\/\/coispa.com.vn\/vi\/gioi-thieu\/\"]}]}]}<\/script>\n<!-- \/ Yoast SEO plugin. -->","_links":{"self":[{"href":"https:\/\/coispa.com.vn\/vi\/wp-json\/wp\/v2\/pages\/1078"}],"collection":[{"href":"https:\/\/coispa.com.vn\/vi\/wp-json\/wp\/v2\/pages"}],"about":[{"href":"https:\/\/coispa.com.vn\/vi\/wp-json\/wp\/v2\/types\/page"}],"author":[{"embeddable":true,"href":"https:\/\/coispa.com.vn\/vi\/wp-json\/wp\/v2\/users\/1"}],"replies":[{"embeddable":true,"href":"https:\/\/coispa.com.vn\/vi\/wp-json\/wp\/v2\/comments?post=1078"}],"version-history":[{"count":6,"href":"https:\/\/coispa.com.vn\/vi\/wp-json\/wp\/v2\/pages\/1078\/revisions"}],"predecessor-version":[{"id":1185,"href":"https:\/\/coispa.com.vn\/vi\/wp-json\/wp\/v2\/pages\/1078\/revisions\/1185"}],"wp:attachment":[{"href":"https:\/\/coispa.com.vn\/vi\/wp-json\/wp\/v2\/media?parent=1078"}],"curies":[{"name":"wp","href":"https:\/\/api.w.org\/{rel}","templated":true}]}}