{"id":1121,"date":"2018-09-17T10:49:01","date_gmt":"2018-09-17T03:49:01","guid":{"rendered":"https:\/\/coispa.com.vn\/service-coi-spa-massage-in-hue-city\/"},"modified":"2025-05-14T14:44:57","modified_gmt":"2025-05-14T07:44:57","slug":"dich-vu-tieu-chuan","status":"publish","type":"page","link":"https:\/\/coispa.com.vn\/vi\/dich-vu-tieu-chuan\/","title":{"rendered":"D\u1ecbch v\u1ee5 ti\u00eau chu\u1ea9n"},"content":{"rendered":"\t\t<div data-elementor-type=\"wp-post\" data-elementor-id=\"1121\" class=\"elementor elementor-1121\" data-elementor-settings=\"[]\">\n\t\t\t<div class=\"elementor-inner\">\n\t\t\t\t<div class=\"elementor-section-wrap\">\n\t\t\t\t\t\t\t<section class=\"elementor-element elementor-element-173d537 elementor-section-boxed elementor-section-height-default elementor-section-height-default elementor-section elementor-top-section\" data-id=\"173d537\" data-element_type=\"section\">\n\t\t\t\t\t\t<div class=\"elementor-container elementor-column-gap-default\">\n\t\t\t\t<div class=\"elementor-row\">\n\t\t\t\t<div class=\"elementor-element elementor-element-81f6fe3 elementor-column elementor-col-100 elementor-top-column\" data-id=\"81f6fe3\" data-element_type=\"column\">\n\t\t\t<div class=\"elementor-column-wrap  elementor-element-populated\">\n\t\t\t\t\t<div class=\"elementor-widget-wrap\">\n\t\t\t\t<div class=\"elementor-element elementor-element-33bdbf4 elementor-widget elementor-widget-heading\" data-id=\"33bdbf4\" data-element_type=\"widget\" data-widget_type=\"heading.default\">\n\t\t\t\t<div class=\"elementor-widget-container\">\n\t\t\t<h2 class=\"elementor-heading-title elementor-size-default\">Th\u00f4ng tin g\u00f3i d\u1ecbch v\u1ee5 ti\u00eau chu\u1ea9n<\/h2>\t\t<\/div>\n\t\t\t\t<\/div>\n\t\t\t\t\t\t<\/div>\n\t\t\t<\/div>\n\t\t<\/div>\n\t\t\t\t\t\t<\/div>\n\t\t\t<\/div>\n\t\t<\/section>\n\t\t\t\t<section class=\"elementor-element elementor-element-9479cca elementor-section-full_width elementor-section-height-default elementor-section-height-default elementor-section elementor-top-section\" data-id=\"9479cca\" data-element_type=\"section\">\n\t\t\t\t\t\t<div class=\"elementor-container elementor-column-gap-default\">\n\t\t\t\t<div class=\"elementor-row\">\n\t\t\t\t<div class=\"elementor-element elementor-element-3f8842b elementor-column elementor-col-100 elementor-top-column\" data-id=\"3f8842b\" data-element_type=\"column\">\n\t\t\t<div class=\"elementor-column-wrap  elementor-element-populated\">\n\t\t\t\t\t<div class=\"elementor-widget-wrap\">\n\t\t\t\t<div class=\"elementor-element elementor-element-99c5866 elementor-widget elementor-widget-toggle\" data-id=\"99c5866\" data-element_type=\"widget\" data-widget_type=\"toggle.default\">\n\t\t\t\t<div class=\"elementor-widget-container\">\n\t\t\t\t\t<div class=\"elementor-toggle\" role=\"tablist\">\n\t\t\t\t\t\t\t<div class=\"elementor-toggle-item\">\n\t\t\t\t\t<div id=\"elementor-tab-title-1611\" class=\"elementor-tab-title\" data-tab=\"1\" role=\"tab\" aria-controls=\"elementor-tab-content-1611\">\n\t\t\t\t\t\t\t\t\t\t\t\t<span class=\"elementor-toggle-icon elementor-toggle-icon-left\" aria-hidden=\"true\">\n\t\t\t\t\t\t\t\t\t\t\t\t\t\t\t<span class=\"elementor-toggle-icon-closed\"><i class=\"fas fa-caret-right\"><\/i><\/span>\n\t\t\t\t\t\t\t\t<span class=\"elementor-toggle-icon-opened\"><i class=\"elementor-toggle-icon-opened fas fa-caret-up\"><\/i><\/span>\n\t\t\t\t\t\t\t\t\t\t\t\t\t<\/span>\n\t\t\t\t\t\t\t\t\t\t\t\t<a href=\"\" class=\"elementor-toggle-title\">G\u00f3i x\u00f4ng h\u01a1i 6 ph\u00f2ng<span style='float:right'>170.000 vnd<\/span><\/a>\n\t\t\t\t\t<\/div>\n\t\t\t\t\t<div id=\"elementor-tab-content-1611\" class=\"elementor-tab-content elementor-clearfix\" data-tab=\"1\" role=\"tabpanel\" aria-labelledby=\"elementor-tab-title-1611\"><p>X\u00f4ng h\u01a1i \u01b0\u1edbt, kh\u00f4, \u0111\u00e1 mu\u1ed1i, hang h\u1ed3ng ngo\u1ea1i, ho\u00e0ng th\u1ed5<\/p><\/div>\n\t\t\t\t<\/div>\n\t\t\t\t\t\t\t<div class=\"elementor-toggle-item\">\n\t\t\t\t\t<div id=\"elementor-tab-title-1612\" class=\"elementor-tab-title\" data-tab=\"2\" role=\"tab\" aria-controls=\"elementor-tab-content-1612\">\n\t\t\t\t\t\t\t\t\t\t\t\t<span class=\"elementor-toggle-icon elementor-toggle-icon-left\" aria-hidden=\"true\">\n\t\t\t\t\t\t\t\t\t\t\t\t\t\t\t<span class=\"elementor-toggle-icon-closed\"><i class=\"fas fa-caret-right\"><\/i><\/span>\n\t\t\t\t\t\t\t\t<span class=\"elementor-toggle-icon-opened\"><i class=\"elementor-toggle-icon-opened fas fa-caret-up\"><\/i><\/span>\n\t\t\t\t\t\t\t\t\t\t\t\t\t<\/span>\n\t\t\t\t\t\t\t\t\t\t\t\t<a href=\"\" class=\"elementor-toggle-title\">Massage \u0110\u1ea7u  - Vai - C\u1ed5 50 Ph\u00fat <span style='float:right'>370.000 vnd<\/span><\/a>\n\t\t\t\t\t<\/div>\n\t\t\t\t\t<div id=\"elementor-tab-content-1612\" class=\"elementor-tab-content elementor-clearfix\" data-tab=\"2\" role=\"tabpanel\" aria-labelledby=\"elementor-tab-title-1612\"><p>Massage \u0110\u1ea7u &#8211; Vai &#8211; C\u1ed5 trong th\u1eddi gian 50 Ph\u00fat<\/p><\/div>\n\t\t\t\t<\/div>\n\t\t\t\t\t\t\t<div class=\"elementor-toggle-item\">\n\t\t\t\t\t<div id=\"elementor-tab-title-1613\" class=\"elementor-tab-title\" data-tab=\"3\" role=\"tab\" aria-controls=\"elementor-tab-content-1613\">\n\t\t\t\t\t\t\t\t\t\t\t\t<span class=\"elementor-toggle-icon elementor-toggle-icon-left\" aria-hidden=\"true\">\n\t\t\t\t\t\t\t\t\t\t\t\t\t\t\t<span class=\"elementor-toggle-icon-closed\"><i class=\"fas fa-caret-right\"><\/i><\/span>\n\t\t\t\t\t\t\t\t<span class=\"elementor-toggle-icon-opened\"><i class=\"elementor-toggle-icon-opened fas fa-caret-up\"><\/i><\/span>\n\t\t\t\t\t\t\t\t\t\t\t\t\t<\/span>\n\t\t\t\t\t\t\t\t\t\t\t\t<a href=\"\" class=\"elementor-toggle-title\">Massage b\u1ea5m huy\u1ec7t ch\u00e2n \u2013 60 ph\u00fat <span style='float:right'>330.000 vnd<\/span><\/a>\n\t\t\t\t\t<\/div>\n\t\t\t\t\t<div id=\"elementor-tab-content-1613\" class=\"elementor-tab-content elementor-clearfix\" data-tab=\"3\" role=\"tabpanel\" aria-labelledby=\"elementor-tab-title-1613\"><p><i>B\u0103ng ph\u01b0\u01a1ng ph\u00e1p n\u00e0y b\u1ea1n c\u00f3 th\u1ec3 gi\u1ea3m \u0111i m\u1ec7t m\u1ecfi m\u1ed9t c\u00e1ch \u0111\u00e1ng k\u1ec3, t\u0103ng kh\u1ea3 n\u0103ng tu\u1ea7n ho\u00e0n m\u00e1u v\u00e0 gi\u00fap c\u01a1 th\u1ec3 ch\u00fang ta \u0111i v\u00e0o gi\u1ea5c ng\u1ee7 m\u1ed9t c\u00e1ch tho\u1ea3i m\u00e1i<\/i><\/p><\/div>\n\t\t\t\t<\/div>\n\t\t\t\t\t\t\t<div class=\"elementor-toggle-item\">\n\t\t\t\t\t<div id=\"elementor-tab-title-1614\" class=\"elementor-tab-title\" data-tab=\"4\" role=\"tab\" aria-controls=\"elementor-tab-content-1614\">\n\t\t\t\t\t\t\t\t\t\t\t\t<span class=\"elementor-toggle-icon elementor-toggle-icon-left\" aria-hidden=\"true\">\n\t\t\t\t\t\t\t\t\t\t\t\t\t\t\t<span class=\"elementor-toggle-icon-closed\"><i class=\"fas fa-caret-right\"><\/i><\/span>\n\t\t\t\t\t\t\t\t<span class=\"elementor-toggle-icon-opened\"><i class=\"elementor-toggle-icon-opened fas fa-caret-up\"><\/i><\/span>\n\t\t\t\t\t\t\t\t\t\t\t\t\t<\/span>\n\t\t\t\t\t\t\t\t\t\t\t\t<a href=\"\" class=\"elementor-toggle-title\">Massage truy\u1ec1n th\u1ed1ng Vi\u1ec7t Nam \u2013 60 ph\u00fat <span style='float:right'>430.000 vnd<\/span><\/a>\n\t\t\t\t\t<\/div>\n\t\t\t\t\t<div id=\"elementor-tab-content-1614\" class=\"elementor-tab-content elementor-clearfix\" data-tab=\"4\" role=\"tabpanel\" aria-labelledby=\"elementor-tab-title-1614\"><p><em>M\u1ed9t ph\u01b0\u01a1ng ph\u00e1p \u0111i\u1ec1u tr\u1ecb truy\u1ec1n th\u1ed1ng, v\u1edbi nh\u1eefng t\u00e1c \u0111\u1ed9ng xoa b\u00f3p k\u1ebft h\u1ee3p b\u1ea5m huy\u1ec7t to\u00e0n c\u01a1 th\u1ec3 gi\u00fap l\u00e0m d\u1ecbu c\u01a1 b\u1eafp \u0111au nh\u1ee9t, l\u00e0m s\u1ed1ng d\u1eady ngu\u1ed3n n\u0103ng l\u01b0\u1ee3ng t\u1eeb b\u00ean trong c\u01a1 th\u1ec3, gi\u00fap gi\u1ea3i t\u1ecfa m\u1ec7t m\u1ecfi gi\u1ea3m stress v\u00e0 ch\u1ed1ng m\u1ea5t ng\u1ee7.<\/em><\/p><\/div>\n\t\t\t\t<\/div>\n\t\t\t\t\t\t\t<div class=\"elementor-toggle-item\">\n\t\t\t\t\t<div id=\"elementor-tab-title-1615\" class=\"elementor-tab-title\" data-tab=\"5\" role=\"tab\" aria-controls=\"elementor-tab-content-1615\">\n\t\t\t\t\t\t\t\t\t\t\t\t<span class=\"elementor-toggle-icon elementor-toggle-icon-left\" aria-hidden=\"true\">\n\t\t\t\t\t\t\t\t\t\t\t\t\t\t\t<span class=\"elementor-toggle-icon-closed\"><i class=\"fas fa-caret-right\"><\/i><\/span>\n\t\t\t\t\t\t\t\t<span class=\"elementor-toggle-icon-opened\"><i class=\"elementor-toggle-icon-opened fas fa-caret-up\"><\/i><\/span>\n\t\t\t\t\t\t\t\t\t\t\t\t\t<\/span>\n\t\t\t\t\t\t\t\t\t\t\t\t<a href=\"\" class=\"elementor-toggle-title\">Massge ki\u1ec3u Th\u00e1i Lan \u2013 60 ph\u00fat<span style='float:right'>430.000 vnd<\/span><\/a>\n\t\t\t\t\t<\/div>\n\t\t\t\t\t<div id=\"elementor-tab-content-1615\" class=\"elementor-tab-content elementor-clearfix\" data-tab=\"5\" role=\"tabpanel\" aria-labelledby=\"elementor-tab-title-1615\"><p><em>Li\u1ec7u tr\u00ecnh massage Th\u00e1i Lan gi\u00fap gi\u1ea3i ph\u00f3ng n\u0103ng l\u01b0\u1ee3ng, gi\u1ea3i t\u1ecfa s\u1ef1 c\u0103ng c\u01a1, gi\u1ea3m \u0111au v\u00e0 ch\u1ed1ng co r\u00fat, gi\u00fap h\u1ec7 th\u1ea7n kinh c\u00f9ng h\u00f4 h\u1ea5p \u0111\u01b0\u1ee3c th\u01b0 gi\u1ea3n m\u1ed9t c\u00e1ch tuy\u1ec7t v\u1eddi h\u01a1n<\/em><\/p><\/div>\n\t\t\t\t<\/div>\n\t\t\t\t\t\t\t<div class=\"elementor-toggle-item\">\n\t\t\t\t\t<div id=\"elementor-tab-title-1616\" class=\"elementor-tab-title\" data-tab=\"6\" role=\"tab\" aria-controls=\"elementor-tab-content-1616\">\n\t\t\t\t\t\t\t\t\t\t\t\t<span class=\"elementor-toggle-icon elementor-toggle-icon-left\" aria-hidden=\"true\">\n\t\t\t\t\t\t\t\t\t\t\t\t\t\t\t<span class=\"elementor-toggle-icon-closed\"><i class=\"fas fa-caret-right\"><\/i><\/span>\n\t\t\t\t\t\t\t\t<span class=\"elementor-toggle-icon-opened\"><i class=\"elementor-toggle-icon-opened fas fa-caret-up\"><\/i><\/span>\n\t\t\t\t\t\t\t\t\t\t\t\t\t<\/span>\n\t\t\t\t\t\t\t\t\t\t\t\t<a href=\"\" class=\"elementor-toggle-title\">Massage v\u1edbi tinh d\u1ea7u  \u2013 60 ph\u00fat<span style='float:right'>470.000 vnd<\/span><\/a>\n\t\t\t\t\t<\/div>\n\t\t\t\t\t<div id=\"elementor-tab-content-1616\" class=\"elementor-tab-content elementor-clearfix\" data-tab=\"6\" role=\"tabpanel\" aria-labelledby=\"elementor-tab-title-1616\"><p><em>M\u00f9i h\u01b0\u01a1ng thi\u00ean nhi\u00ean s\u1ebd gi\u00fap b\u1ea1n th\u01b0 gi\u1ea3n, gi\u1ea3m b\u1edbt c\u0103ng th\u1eb3ng v\u00e0 m\u1ec7t m\u1ecfi sau nh\u1eefng ng\u00e0y l\u00e0m vi\u1ec7c<\/em><\/p><\/div>\n\t\t\t\t<\/div>\n\t\t\t\t\t\t\t<div class=\"elementor-toggle-item\">\n\t\t\t\t\t<div id=\"elementor-tab-title-1617\" class=\"elementor-tab-title\" data-tab=\"7\" role=\"tab\" aria-controls=\"elementor-tab-content-1617\">\n\t\t\t\t\t\t\t\t\t\t\t\t<span class=\"elementor-toggle-icon elementor-toggle-icon-left\" aria-hidden=\"true\">\n\t\t\t\t\t\t\t\t\t\t\t\t\t\t\t<span class=\"elementor-toggle-icon-closed\"><i class=\"fas fa-caret-right\"><\/i><\/span>\n\t\t\t\t\t\t\t\t<span class=\"elementor-toggle-icon-opened\"><i class=\"elementor-toggle-icon-opened fas fa-caret-up\"><\/i><\/span>\n\t\t\t\t\t\t\t\t\t\t\t\t\t<\/span>\n\t\t\t\t\t\t\t\t\t\t\t\t<a href=\"\" class=\"elementor-toggle-title\">Massage th\u1ea3o d\u01b0\u1ee3c  \u2013 60 ph\u00fat <span style='float:right'>500.000 vnd<\/span><\/a>\n\t\t\t\t\t<\/div>\n\t\t\t\t\t<div id=\"elementor-tab-content-1617\" class=\"elementor-tab-content elementor-clearfix\" data-tab=\"7\" role=\"tabpanel\" aria-labelledby=\"elementor-tab-title-1617\"><p><em>Tr\u1ecb li\u1ec7u b\u1eb1ng th\u1ea3o d\u01b0\u1ee3c l\u00e0 ph\u01b0\u01a1ng ph\u00e1p t\u1ed1t nh\u1ea5t \u0111\u1ec3 k\u00edch th\u00edch c\u00e1c huy\u1ec7t \u0111\u1ea1o, gi\u00fap th\u00fac \u0111\u1ea9y tu\u1ea7n ho\u00e0n m\u00e1u v\u00e0 gia t\u0103ng \u0111\u1ed9 d\u1ebbo dai cho c\u01a1 th\u1ec3, l\u00e0m gi\u1ea3m m\u1ec7t m\u1ecfi \u0111em l\u1ea1i cho b\u1ea1n c\u1ea3m gi\u00e1c th\u01b0 gi\u1ea3n \u0111\u1eb7c bi\u1ec7t<\/em><\/p><\/div>\n\t\t\t\t<\/div>\n\t\t\t\t\t\t\t<div class=\"elementor-toggle-item\">\n\t\t\t\t\t<div id=\"elementor-tab-title-1618\" class=\"elementor-tab-title\" data-tab=\"8\" role=\"tab\" aria-controls=\"elementor-tab-content-1618\">\n\t\t\t\t\t\t\t\t\t\t\t\t<span class=\"elementor-toggle-icon elementor-toggle-icon-left\" aria-hidden=\"true\">\n\t\t\t\t\t\t\t\t\t\t\t\t\t\t\t<span class=\"elementor-toggle-icon-closed\"><i class=\"fas fa-caret-right\"><\/i><\/span>\n\t\t\t\t\t\t\t\t<span class=\"elementor-toggle-icon-opened\"><i class=\"elementor-toggle-icon-opened fas fa-caret-up\"><\/i><\/span>\n\t\t\t\t\t\t\t\t\t\t\t\t\t<\/span>\n\t\t\t\t\t\t\t\t\t\t\t\t<a href=\"\" class=\"elementor-toggle-title\">G\u00f3i t\u1ed5ng h\u1ee3p  \u2013 90 ph\u00fat<span style='float:right'>760.000 vnd<\/span><\/a>\n\t\t\t\t\t<\/div>\n\t\t\t\t\t<div id=\"elementor-tab-content-1618\" class=\"elementor-tab-content elementor-clearfix\" data-tab=\"8\" role=\"tabpanel\" aria-labelledby=\"elementor-tab-title-1618\"><p><em>Massage \u0111\u00e1 n\u00f3ng v\u00e0 th\u1ea3o d\u01b0\u1ee3c<\/em><\/p><\/div>\n\t\t\t\t<\/div>\n\t\t\t\t\t\t\t<div class=\"elementor-toggle-item\">\n\t\t\t\t\t<div id=\"elementor-tab-title-1619\" class=\"elementor-tab-title\" data-tab=\"9\" role=\"tab\" aria-controls=\"elementor-tab-content-1619\">\n\t\t\t\t\t\t\t\t\t\t\t\t<span class=\"elementor-toggle-icon elementor-toggle-icon-left\" aria-hidden=\"true\">\n\t\t\t\t\t\t\t\t\t\t\t\t\t\t\t<span class=\"elementor-toggle-icon-closed\"><i class=\"fas fa-caret-right\"><\/i><\/span>\n\t\t\t\t\t\t\t\t<span class=\"elementor-toggle-icon-opened\"><i class=\"elementor-toggle-icon-opened fas fa-caret-up\"><\/i><\/span>\n\t\t\t\t\t\t\t\t\t\t\t\t\t<\/span>\n\t\t\t\t\t\t\t\t\t\t\t\t<a href=\"\" class=\"elementor-toggle-title\">G\u00f3i tr\u1ecdn g\u00f3i  \u2013 105 Ph\u00fat <span style='float:right'>990.000 vnd<\/span><\/a>\n\t\t\t\t\t<\/div>\n\t\t\t\t\t<div id=\"elementor-tab-content-1619\" class=\"elementor-tab-content elementor-clearfix\" data-tab=\"9\" role=\"tabpanel\" aria-labelledby=\"elementor-tab-title-1619\"><p><em>\u0110\u00e1 n\u00f3ng, tinh d\u1ea7u, th\u1ea3o d\u01b0\u1ee3c<\/em><\/p><\/div>\n\t\t\t\t<\/div>\n\t\t\t\t\t\t\t<div class=\"elementor-toggle-item\">\n\t\t\t\t\t<div id=\"elementor-tab-title-16110\" class=\"elementor-tab-title\" data-tab=\"10\" role=\"tab\" aria-controls=\"elementor-tab-content-16110\">\n\t\t\t\t\t\t\t\t\t\t\t\t<span class=\"elementor-toggle-icon elementor-toggle-icon-left\" aria-hidden=\"true\">\n\t\t\t\t\t\t\t\t\t\t\t\t\t\t\t<span class=\"elementor-toggle-icon-closed\"><i class=\"fas fa-caret-right\"><\/i><\/span>\n\t\t\t\t\t\t\t\t<span class=\"elementor-toggle-icon-opened\"><i class=\"elementor-toggle-icon-opened fas fa-caret-up\"><\/i><\/span>\n\t\t\t\t\t\t\t\t\t\t\t\t\t<\/span>\n\t\t\t\t\t\t\t\t\t\t\t\t<a href=\"\" class=\"elementor-toggle-title\">T\u1eafm th\u1ea3o d\u01b0\u1ee3c<\/a>\n\t\t\t\t\t<\/div>\n\t\t\t\t\t<div id=\"elementor-tab-content-16110\" class=\"elementor-tab-content elementor-clearfix\" data-tab=\"10\" role=\"tabpanel\" aria-labelledby=\"elementor-tab-title-16110\"><\/div>\n\t\t\t\t<\/div>\n\t\t\t\t\t<\/div>\n\t\t\t\t<\/div>\n\t\t\t\t<\/div>\n\t\t\t\t\t\t<\/div>\n\t\t\t<\/div>\n\t\t<\/div>\n\t\t\t\t\t\t<\/div>\n\t\t\t<\/div>\n\t\t<\/section>\n\t\t\t\t<section class=\"elementor-element elementor-element-0d8da4b elementor-section-boxed elementor-section-height-default elementor-section-height-default elementor-section elementor-top-section\" data-id=\"0d8da4b\" data-element_type=\"section\">\n\t\t\t\t\t\t<div class=\"elementor-container elementor-column-gap-default\">\n\t\t\t\t<div class=\"elementor-row\">\n\t\t\t\t<div class=\"elementor-element elementor-element-46adef7 elementor-column elementor-col-100 elementor-top-column\" data-id=\"46adef7\" data-element_type=\"column\">\n\t\t\t<div class=\"elementor-column-wrap  elementor-element-populated\">\n\t\t\t\t\t<div class=\"elementor-widget-wrap\">\n\t\t\t\t<div class=\"elementor-element elementor-element-0845fa8 elementor-widget elementor-widget-heading\" data-id=\"0845fa8\" data-element_type=\"widget\" data-widget_type=\"heading.default\">\n\t\t\t\t<div class=\"elementor-widget-container\">\n\t\t\t<h2 class=\"elementor-heading-title elementor-size-default\"><a href=\"tel:0379739555\">\u0110\u1eb7t L\u1ecbch<\/a><\/h2>\t\t<\/div>\n\t\t\t\t<\/div>\n\t\t\t\t\t\t<\/div>\n\t\t\t<\/div>\n\t\t<\/div>\n\t\t\t\t\t\t<\/div>\n\t\t\t<\/div>\n\t\t<\/section>\n\t\t\t\t\t\t<\/div>\n\t\t\t<\/div>\n\t\t<\/div>\n\t\t","protected":false},"excerpt":{"rendered":"<p>Th\u00f4ng tin g\u00f3i d\u1ecbch v\u1ee5 ti\u00eau chu\u1ea9n G\u00f3i x\u00f4ng h\u01a1i 6 ph\u00f2ng170.000 vnd X\u00f4ng h\u01a1i \u01b0\u1edbt, kh\u00f4, \u0111\u00e1 mu\u1ed1i, hang h\u1ed3ng ngo\u1ea1i, ho\u00e0ng th\u1ed5 Massage \u0110\u1ea7u &#8211; Vai &#8211; C\u1ed5 50 Ph\u00fat 370.000 vnd Massage \u0110\u1ea7u &#8211; Vai &#8211; C\u1ed5 trong th\u1eddi gian 50 Ph\u00fat Massage b\u1ea5m huy\u1ec7t ch\u00e2n \u2013 60 ph\u00fat 330.000 vnd B\u0103ng [&hellip;]<\/p>\n","protected":false},"author":1,"featured_media":0,"parent":0,"menu_order":0,"comment_status":"closed","ping_status":"closed","template":"elementor_header_footer","meta":[],"yoast_head":"<!-- This site is optimized with the Yoast SEO plugin v14.2 - https:\/\/yoast.com\/wordpress\/plugins\/seo\/ -->\n<title>D\u1ecbch v\u1ee5 ti\u00eau chu\u1ea9n - Massage Spa ch\u0103m s\u00f3c s\u1ee9c kh\u1ecfe v\u00e0 s\u1eafc \u0111\u1eb9p<\/title>\n<meta name=\"robots\" content=\"noindex, follow\" \/>\n<meta property=\"og:locale\" content=\"vi_VN\" \/>\n<meta property=\"og:type\" content=\"article\" \/>\n<meta property=\"og:title\" content=\"D\u1ecbch v\u1ee5 ti\u00eau chu\u1ea9n - Massage Spa ch\u0103m s\u00f3c s\u1ee9c kh\u1ecfe v\u00e0 s\u1eafc \u0111\u1eb9p\" \/>\n<meta property=\"og:description\" content=\"Th\u00f4ng tin g\u00f3i d\u1ecbch v\u1ee5 ti\u00eau chu\u1ea9n G\u00f3i x\u00f4ng h\u01a1i 6 ph\u00f2ng170.000 vnd X\u00f4ng h\u01a1i \u01b0\u1edbt, kh\u00f4, \u0111\u00e1 mu\u1ed1i, hang h\u1ed3ng ngo\u1ea1i, ho\u00e0ng th\u1ed5 Massage \u0110\u1ea7u &#8211; Vai &#8211; C\u1ed5 50 Ph\u00fat 370.000 vnd Massage \u0110\u1ea7u &#8211; Vai &#8211; C\u1ed5 trong th\u1eddi gian 50 Ph\u00fat Massage b\u1ea5m huy\u1ec7t ch\u00e2n \u2013 60 ph\u00fat 330.000 vnd B\u0103ng [&hellip;]\" \/>\n<meta property=\"og:url\" content=\"https:\/\/coispa.com.vn\/vi\/dich-vu-tieu-chuan\/\" \/>\n<meta property=\"og:site_name\" content=\"Massage Spa ch\u0103m s\u00f3c s\u1ee9c kh\u1ecfe v\u00e0 s\u1eafc \u0111\u1eb9p\" \/>\n<meta property=\"article:publisher\" content=\"https:\/\/www.facebook.com\/coispahue\/\" \/>\n<meta property=\"article:modified_time\" content=\"2025-05-14T07:44:57+00:00\" \/>\n<meta name=\"twitter:card\" content=\"summary_large_image\" \/>\n<meta name=\"twitter:creator\" content=\"@coispahue\" \/>\n<meta name=\"twitter:site\" content=\"@coispahue\" \/>\n<script type=\"application\/ld+json\" class=\"yoast-schema-graph\">{\"@context\":\"https:\/\/schema.org\",\"@graph\":[{\"@type\":\"WebSite\",\"@id\":\"https:\/\/coispa.com.vn\/vi\/#website\",\"url\":\"https:\/\/coispa.com.vn\/vi\/\",\"name\":\"Massage Spa ch\\u0103m s\\u00f3c s\\u1ee9c kh\\u1ecfe v\\u00e0 s\\u1eafc \\u0111\\u1eb9p\",\"description\":\"C\\u1ed9i Spa\",\"potentialAction\":[{\"@type\":\"SearchAction\",\"target\":\"https:\/\/coispa.com.vn\/vi\/?s={search_term_string}\",\"query-input\":\"required name=search_term_string\"}],\"inLanguage\":\"vi\"},{\"@type\":\"WebPage\",\"@id\":\"https:\/\/coispa.com.vn\/vi\/dich-vu-tieu-chuan\/#webpage\",\"url\":\"https:\/\/coispa.com.vn\/vi\/dich-vu-tieu-chuan\/\",\"name\":\"D\\u1ecbch v\\u1ee5 ti\\u00eau chu\\u1ea9n - Massage Spa ch\\u0103m s\\u00f3c s\\u1ee9c kh\\u1ecfe v\\u00e0 s\\u1eafc \\u0111\\u1eb9p\",\"isPartOf\":{\"@id\":\"https:\/\/coispa.com.vn\/vi\/#website\"},\"datePublished\":\"2018-09-17T03:49:01+00:00\",\"dateModified\":\"2025-05-14T07:44:57+00:00\",\"inLanguage\":\"vi\",\"potentialAction\":[{\"@type\":\"ReadAction\",\"target\":[\"https:\/\/coispa.com.vn\/vi\/dich-vu-tieu-chuan\/\"]}]}]}<\/script>\n<!-- \/ Yoast SEO plugin. -->","_links":{"self":[{"href":"https:\/\/coispa.com.vn\/vi\/wp-json\/wp\/v2\/pages\/1121"}],"collection":[{"href":"https:\/\/coispa.com.vn\/vi\/wp-json\/wp\/v2\/pages"}],"about":[{"href":"https:\/\/coispa.com.vn\/vi\/wp-json\/wp\/v2\/types\/page"}],"author":[{"embeddable":true,"href":"https:\/\/coispa.com.vn\/vi\/wp-json\/wp\/v2\/users\/1"}],"replies":[{"embeddable":true,"href":"https:\/\/coispa.com.vn\/vi\/wp-json\/wp\/v2\/comments?post=1121"}],"version-history":[{"count":24,"href":"https:\/\/coispa.com.vn\/vi\/wp-json\/wp\/v2\/pages\/1121\/revisions"}],"predecessor-version":[{"id":1240,"href":"https:\/\/coispa.com.vn\/vi\/wp-json\/wp\/v2\/pages\/1121\/revisions\/1240"}],"wp:attachment":[{"href":"https:\/\/coispa.com.vn\/vi\/wp-json\/wp\/v2\/media?parent=1121"}],"curies":[{"name":"wp","href":"https:\/\/api.w.org\/{rel}","templated":true}]}}