{"id":1123,"date":"2022-12-28T09:18:47","date_gmt":"2022-12-28T02:18:47","guid":{"rendered":"https:\/\/coispa.com.vn\/vip-massages\/"},"modified":"2022-12-29T00:05:28","modified_gmt":"2022-12-28T17:05:28","slug":"vip-massages","status":"publish","type":"page","link":"https:\/\/coispa.com.vn\/vi\/vip-massages\/","title":{"rendered":"D\u1ecbch v\u1ee5 VIP"},"content":{"rendered":"\t\t<div data-elementor-type=\"wp-page\" data-elementor-id=\"1123\" class=\"elementor elementor-1123\" data-elementor-settings=\"[]\">\n\t\t\t<div class=\"elementor-inner\">\n\t\t\t\t<div class=\"elementor-section-wrap\">\n\t\t\t\t\t\t\t<section class=\"elementor-element elementor-element-c763c02 elementor-section-boxed elementor-section-height-default elementor-section-height-default elementor-section elementor-top-section\" data-id=\"c763c02\" data-element_type=\"section\">\n\t\t\t\t\t\t<div class=\"elementor-container elementor-column-gap-default\">\n\t\t\t\t<div class=\"elementor-row\">\n\t\t\t\t<div class=\"elementor-element elementor-element-1383a45 elementor-column elementor-col-100 elementor-top-column\" data-id=\"1383a45\" data-element_type=\"column\">\n\t\t\t<div class=\"elementor-column-wrap  elementor-element-populated\">\n\t\t\t\t\t<div class=\"elementor-widget-wrap\">\n\t\t\t\t<div class=\"elementor-element elementor-element-800f50a elementor-widget elementor-widget-heading\" data-id=\"800f50a\" data-element_type=\"widget\" data-widget_type=\"heading.default\">\n\t\t\t\t<div class=\"elementor-widget-container\">\n\t\t\t<h3 class=\"elementor-heading-title elementor-size-large\">G\u00f3i d\u1ecbch v\u1ee5 VIP bao g\u1ed3m ph\u00f2ng x\u00f4ng h\u01a1i \u01b0\u1edbt, t\u1eafm th\u1ea3o d\u01b0\u1ee3c, t\u1ea9y t\u1ebf b\u00e0o ch\u1ebft to\u00e0n th\u00e2n<\/h3>\t\t<\/div>\n\t\t\t\t<\/div>\n\t\t\t\t<div class=\"elementor-element elementor-element-453049a elementor-widget elementor-widget-toggle\" data-id=\"453049a\" data-element_type=\"widget\" data-widget_type=\"toggle.default\">\n\t\t\t\t<div class=\"elementor-widget-container\">\n\t\t\t\t\t<div class=\"elementor-toggle\" role=\"tablist\">\n\t\t\t\t\t\t\t<div class=\"elementor-toggle-item\">\n\t\t\t\t\t<div id=\"elementor-tab-title-7251\" class=\"elementor-tab-title\" data-tab=\"1\" role=\"tab\" aria-controls=\"elementor-tab-content-7251\">\n\t\t\t\t\t\t\t\t\t\t\t\t<span class=\"elementor-toggle-icon elementor-toggle-icon-left\" aria-hidden=\"true\">\n\t\t\t\t\t\t\t\t\t\t\t\t\t\t\t<span class=\"elementor-toggle-icon-closed\"><i class=\"fas fa-caret-right\"><\/i><\/span>\n\t\t\t\t\t\t\t\t<span class=\"elementor-toggle-icon-opened\"><i class=\"elementor-toggle-icon-opened fas fa-caret-up\"><\/i><\/span>\n\t\t\t\t\t\t\t\t\t\t\t\t\t<\/span>\n\t\t\t\t\t\t\t\t\t\t\t\t<a href=\"\" class=\"elementor-toggle-title\">Massage truy\u1ec1n th\u1ed1ng Vi\u1ec7t Nam \u2013 90 ph\u00fat<span style='float:right'>640.000 vnd<\/span><\/a>\n\t\t\t\t\t<\/div>\n\t\t\t\t\t<div id=\"elementor-tab-content-7251\" class=\"elementor-tab-content elementor-clearfix\" data-tab=\"1\" role=\"tabpanel\" aria-labelledby=\"elementor-tab-title-7251\"><p><em>M\u1ed9t ph\u01b0\u01a1ng ph\u00e1p \u0111i\u1ec1u tr\u1ecb truy\u1ec1n th\u1ed1ng, v\u1edbi nh\u1eefng t\u00e1c \u0111\u1ed9ng xoa b\u00f3p k\u1ebft h\u1ee3p b\u1ea5m huy\u1ec7t to\u00e0n c\u01a1 th\u1ec3 gi\u00fap l\u00e0m d\u1ecbu c\u01a1 b\u1eafp \u0111au nh\u1ee9t, l\u00e0m s\u1ed1ng d\u1eady ngu\u1ed3n n\u0103ng l\u01b0\u1ee3ng t\u1eeb b\u00ean trong c\u01a1 th\u1ec3, gi\u00fap gi\u1ea3i t\u1ecfa m\u1ec7t m\u1ecfi gi\u1ea3m stress v\u00e0 ch\u1ed1ng m\u1ea5t ng\u1ee7.\u00a0<\/em><\/p><\/div>\n\t\t\t\t<\/div>\n\t\t\t\t\t\t\t<div class=\"elementor-toggle-item\">\n\t\t\t\t\t<div id=\"elementor-tab-title-7252\" class=\"elementor-tab-title\" data-tab=\"2\" role=\"tab\" aria-controls=\"elementor-tab-content-7252\">\n\t\t\t\t\t\t\t\t\t\t\t\t<span class=\"elementor-toggle-icon elementor-toggle-icon-left\" aria-hidden=\"true\">\n\t\t\t\t\t\t\t\t\t\t\t\t\t\t\t<span class=\"elementor-toggle-icon-closed\"><i class=\"fas fa-caret-right\"><\/i><\/span>\n\t\t\t\t\t\t\t\t<span class=\"elementor-toggle-icon-opened\"><i class=\"elementor-toggle-icon-opened fas fa-caret-up\"><\/i><\/span>\n\t\t\t\t\t\t\t\t\t\t\t\t\t<\/span>\n\t\t\t\t\t\t\t\t\t\t\t\t<a href=\"\" class=\"elementor-toggle-title\">Massage ki\u1ec3u Th\u00e1i Lan \u2013 90 ph\u00fat <span style='float:right'>660.000 vnd<\/span><\/a>\n\t\t\t\t\t<\/div>\n\t\t\t\t\t<div id=\"elementor-tab-content-7252\" class=\"elementor-tab-content elementor-clearfix\" data-tab=\"2\" role=\"tabpanel\" aria-labelledby=\"elementor-tab-title-7252\"><p><em>Li\u1ec7u tr\u00ecnh massage Th\u00e1i Lan gi\u00fap gi\u1ea3i ph\u00f3ng n\u0103ng l\u01b0\u1ee3ng, gi\u1ea3i t\u1ecfa s\u1ef1 c\u0103ng c\u01a1, gi\u1ea3m \u0111au v\u00e0 ch\u1ed1ng co r\u00fat, gi\u00fap h\u1ec7 th\u1ea7n kinh c\u00f9ng h\u00f4 h\u1ea5p \u0111\u01b0\u1ee3c th\u01b0 gi\u1ea3n m\u1ed9t c\u00e1ch tuy\u1ec7t v\u1eddi h\u01a1n<\/em><\/p><\/div>\n\t\t\t\t<\/div>\n\t\t\t\t\t\t\t<div class=\"elementor-toggle-item\">\n\t\t\t\t\t<div id=\"elementor-tab-title-7253\" class=\"elementor-tab-title\" data-tab=\"3\" role=\"tab\" aria-controls=\"elementor-tab-content-7253\">\n\t\t\t\t\t\t\t\t\t\t\t\t<span class=\"elementor-toggle-icon elementor-toggle-icon-left\" aria-hidden=\"true\">\n\t\t\t\t\t\t\t\t\t\t\t\t\t\t\t<span class=\"elementor-toggle-icon-closed\"><i class=\"fas fa-caret-right\"><\/i><\/span>\n\t\t\t\t\t\t\t\t<span class=\"elementor-toggle-icon-opened\"><i class=\"elementor-toggle-icon-opened fas fa-caret-up\"><\/i><\/span>\n\t\t\t\t\t\t\t\t\t\t\t\t\t<\/span>\n\t\t\t\t\t\t\t\t\t\t\t\t<a href=\"\" class=\"elementor-toggle-title\">Massage v\u1edbi tinh d\u1ea7u \u2013 90 ph\u00fat<span style='float:right'>670.000 vnd<\/span><\/a>\n\t\t\t\t\t<\/div>\n\t\t\t\t\t<div id=\"elementor-tab-content-7253\" class=\"elementor-tab-content elementor-clearfix\" data-tab=\"3\" role=\"tabpanel\" aria-labelledby=\"elementor-tab-title-7253\"><p><em>M\u00f9i h\u01b0\u01a1ng thi\u00ean nhi\u00ean s\u1ebd gi\u00fap b\u1ea1n th\u01b0 gi\u1ea3n, gi\u1ea3m b\u1edbt c\u0103ng th\u1eb3ng v\u00e0 m\u1ec7t m\u1ecfi sau nh\u1eefng ng\u00e0y l\u00e0m vi\u1ec7c<\/em><\/p><\/div>\n\t\t\t\t<\/div>\n\t\t\t\t\t\t\t<div class=\"elementor-toggle-item\">\n\t\t\t\t\t<div id=\"elementor-tab-title-7254\" class=\"elementor-tab-title\" data-tab=\"4\" role=\"tab\" aria-controls=\"elementor-tab-content-7254\">\n\t\t\t\t\t\t\t\t\t\t\t\t<span class=\"elementor-toggle-icon elementor-toggle-icon-left\" aria-hidden=\"true\">\n\t\t\t\t\t\t\t\t\t\t\t\t\t\t\t<span class=\"elementor-toggle-icon-closed\"><i class=\"fas fa-caret-right\"><\/i><\/span>\n\t\t\t\t\t\t\t\t<span class=\"elementor-toggle-icon-opened\"><i class=\"elementor-toggle-icon-opened fas fa-caret-up\"><\/i><\/span>\n\t\t\t\t\t\t\t\t\t\t\t\t\t<\/span>\n\t\t\t\t\t\t\t\t\t\t\t\t<a href=\"\" class=\"elementor-toggle-title\">Massage \u0111\u00e1 n\u00f3ng - 90 ph\u00fat <span style='float:right'>690.000 vnd<\/span><\/a>\n\t\t\t\t\t<\/div>\n\t\t\t\t\t<div id=\"elementor-tab-content-7254\" class=\"elementor-tab-content elementor-clearfix\" data-tab=\"4\" role=\"tabpanel\" aria-labelledby=\"elementor-tab-title-7254\"><p>Ph\u01b0\u01a1ng ph\u00e1p massage \u0111\u00e1 n\u00f3ng s\u1eed d\u1ee5ng \u0111\u00e1 bazan \u0111\u01b0\u1ee3c h\u1ea5p n\u00f3ng, \u0111\u1eb7t l\u00ean nh\u1eefng khu v\u1ef1c c\u01a1 th\u1ec3 c\u1ea7n tr\u1ecb li\u1ec7u c\u00f3 th\u1ec3 xoa d\u1ecbu c\u01a1n nh\u1ee9c m\u1ecfi v\u00e0 \u0111au kh\u1edbp, nhanh ch\u00f3ng ph\u1ee5c h\u1ed3i n\u0103ng l\u01b0\u1ee3ng cho c\u01a1 th\u1ec3<\/p><\/div>\n\t\t\t\t<\/div>\n\t\t\t\t\t\t\t<div class=\"elementor-toggle-item\">\n\t\t\t\t\t<div id=\"elementor-tab-title-7255\" class=\"elementor-tab-title\" data-tab=\"5\" role=\"tab\" aria-controls=\"elementor-tab-content-7255\">\n\t\t\t\t\t\t\t\t\t\t\t\t<span class=\"elementor-toggle-icon elementor-toggle-icon-left\" aria-hidden=\"true\">\n\t\t\t\t\t\t\t\t\t\t\t\t\t\t\t<span class=\"elementor-toggle-icon-closed\"><i class=\"fas fa-caret-right\"><\/i><\/span>\n\t\t\t\t\t\t\t\t<span class=\"elementor-toggle-icon-opened\"><i class=\"elementor-toggle-icon-opened fas fa-caret-up\"><\/i><\/span>\n\t\t\t\t\t\t\t\t\t\t\t\t\t<\/span>\n\t\t\t\t\t\t\t\t\t\t\t\t<a href=\"\" class=\"elementor-toggle-title\">Massage Th\u1ea3o D\u01b0\u1ee3c - 90 ph\u00fat <span style='float:right'>760.000 vnd<\/span><\/a>\n\t\t\t\t\t<\/div>\n\t\t\t\t\t<div id=\"elementor-tab-content-7255\" class=\"elementor-tab-content elementor-clearfix\" data-tab=\"5\" role=\"tabpanel\" aria-labelledby=\"elementor-tab-title-7255\"><p><em>Tr\u1ecb li\u1ec7u b\u1eb1ng th\u1ea3o d\u01b0\u1ee3c l\u00e0 ph\u01b0\u01a1ng ph\u00e1p t\u1ed1t nh\u1ea5t \u0111\u1ec3 k\u00edch th\u00edch c\u00e1c huy\u1ec7t \u0111\u1ea1o, gi\u00fap th\u00fac \u0111\u1ea9y tu\u1ea7n ho\u00e0n m\u00e1u v\u00e0 gia t\u0103ng \u0111\u1ed9 d\u1ebbo dai cho c\u01a1 th\u1ec3, l\u00e0m gi\u1ea3m m\u1ec7t m\u1ecfi \u0111em l\u1ea1i cho b\u1ea1n c\u1ea3m gi\u00e1c th\u01b0 gi\u1ea3n \u0111\u1eb7c bi\u1ec7t<\/em><\/p><\/div>\n\t\t\t\t<\/div>\n\t\t\t\t\t\t\t<div class=\"elementor-toggle-item\">\n\t\t\t\t\t<div id=\"elementor-tab-title-7256\" class=\"elementor-tab-title\" data-tab=\"6\" role=\"tab\" aria-controls=\"elementor-tab-content-7256\">\n\t\t\t\t\t\t\t\t\t\t\t\t<span class=\"elementor-toggle-icon elementor-toggle-icon-left\" aria-hidden=\"true\">\n\t\t\t\t\t\t\t\t\t\t\t\t\t\t\t<span class=\"elementor-toggle-icon-closed\"><i class=\"fas fa-caret-right\"><\/i><\/span>\n\t\t\t\t\t\t\t\t<span class=\"elementor-toggle-icon-opened\"><i class=\"elementor-toggle-icon-opened fas fa-caret-up\"><\/i><\/span>\n\t\t\t\t\t\t\t\t\t\t\t\t\t<\/span>\n\t\t\t\t\t\t\t\t\t\t\t\t<a href=\"\" class=\"elementor-toggle-title\">G\u00f3i t\u1ed5ng h\u1ee3p  \u2013 105 ph\u00fat <span style='float:right'>1.050.000 vnd<\/span><\/a>\n\t\t\t\t\t<\/div>\n\t\t\t\t\t<div id=\"elementor-tab-content-7256\" class=\"elementor-tab-content elementor-clearfix\" data-tab=\"6\" role=\"tabpanel\" aria-labelledby=\"elementor-tab-title-7256\"><p><em>Massage \u0111\u00e1 n\u00f3ng v\u00e0 th\u1ea3o d\u01b0\u1ee3c<\/em><\/p><\/div>\n\t\t\t\t<\/div>\n\t\t\t\t\t\t\t<div class=\"elementor-toggle-item\">\n\t\t\t\t\t<div id=\"elementor-tab-title-7257\" class=\"elementor-tab-title\" data-tab=\"7\" role=\"tab\" aria-controls=\"elementor-tab-content-7257\">\n\t\t\t\t\t\t\t\t\t\t\t\t<span class=\"elementor-toggle-icon elementor-toggle-icon-left\" aria-hidden=\"true\">\n\t\t\t\t\t\t\t\t\t\t\t\t\t\t\t<span class=\"elementor-toggle-icon-closed\"><i class=\"fas fa-caret-right\"><\/i><\/span>\n\t\t\t\t\t\t\t\t<span class=\"elementor-toggle-icon-opened\"><i class=\"elementor-toggle-icon-opened fas fa-caret-up\"><\/i><\/span>\n\t\t\t\t\t\t\t\t\t\t\t\t\t<\/span>\n\t\t\t\t\t\t\t\t\t\t\t\t<a href=\"\" class=\"elementor-toggle-title\">G\u00f3i tr\u1ecdn g\u00f3i  \u2013 105 ph\u00fat <span style='float:right'>1.240.000 vnd<\/span><\/a>\n\t\t\t\t\t<\/div>\n\t\t\t\t\t<div id=\"elementor-tab-content-7257\" class=\"elementor-tab-content elementor-clearfix\" data-tab=\"7\" role=\"tabpanel\" aria-labelledby=\"elementor-tab-title-7257\"><p><em>Massage \u0111\u00e1 n\u00f3ng, tinh d\u1ea7u, th\u1ea3o d\u01b0\u1ee3c<\/em><\/p><\/div>\n\t\t\t\t<\/div>\n\t\t\t\t\t\t\t<div class=\"elementor-toggle-item\">\n\t\t\t\t\t<div id=\"elementor-tab-title-7258\" class=\"elementor-tab-title\" data-tab=\"8\" role=\"tab\" aria-controls=\"elementor-tab-content-7258\">\n\t\t\t\t\t\t\t\t\t\t\t\t<span class=\"elementor-toggle-icon elementor-toggle-icon-left\" aria-hidden=\"true\">\n\t\t\t\t\t\t\t\t\t\t\t\t\t\t\t<span class=\"elementor-toggle-icon-closed\"><i class=\"fas fa-caret-right\"><\/i><\/span>\n\t\t\t\t\t\t\t\t<span class=\"elementor-toggle-icon-opened\"><i class=\"elementor-toggle-icon-opened fas fa-caret-up\"><\/i><\/span>\n\t\t\t\t\t\t\t\t\t\t\t\t\t<\/span>\n\t\t\t\t\t\t\t\t\t\t\t\t<a href=\"\" class=\"elementor-toggle-title\">G\u00f3i \u0111\u1eb7c bi\u1ec7t \u2013 120 ph\u00fat <span style='float:right'>1.680.000 vnd<\/span><\/a>\n\t\t\t\t\t<\/div>\n\t\t\t\t\t<div id=\"elementor-tab-content-7258\" class=\"elementor-tab-content elementor-clearfix\" data-tab=\"8\" role=\"tabpanel\" aria-labelledby=\"elementor-tab-title-7258\"><p><em>Massage \u0111\u00e1 n\u00f3ng, tinh d\u1ea7u, th\u1ea3o d\u01b0\u1ee3c<\/em><\/p><\/div>\n\t\t\t\t<\/div>\n\t\t\t\t\t<\/div>\n\t\t\t\t<\/div>\n\t\t\t\t<\/div>\n\t\t\t\t\t\t<\/div>\n\t\t\t<\/div>\n\t\t<\/div>\n\t\t\t\t\t\t<\/div>\n\t\t\t<\/div>\n\t\t<\/section>\n\t\t\t\t\t\t<\/div>\n\t\t\t<\/div>\n\t\t<\/div>\n\t\t","protected":false},"excerpt":{"rendered":"<p>G\u00f3i d\u1ecbch v\u1ee5 VIP bao g\u1ed3m ph\u00f2ng x\u00f4ng h\u01a1i \u01b0\u1edbt, t\u1eafm th\u1ea3o d\u01b0\u1ee3c, t\u1ea9y t\u1ebf b\u00e0o ch\u1ebft to\u00e0n th\u00e2n Massage truy\u1ec1n th\u1ed1ng Vi\u1ec7t Nam \u2013 90 ph\u00fat640.000 vnd M\u1ed9t ph\u01b0\u01a1ng ph\u00e1p \u0111i\u1ec1u tr\u1ecb truy\u1ec1n th\u1ed1ng, v\u1edbi nh\u1eefng t\u00e1c \u0111\u1ed9ng xoa b\u00f3p k\u1ebft h\u1ee3p b\u1ea5m huy\u1ec7t to\u00e0n c\u01a1 th\u1ec3 gi\u00fap l\u00e0m d\u1ecbu c\u01a1 b\u1eafp \u0111au nh\u1ee9t, [&hellip;]<\/p>\n","protected":false},"author":1,"featured_media":0,"parent":0,"menu_order":0,"comment_status":"closed","ping_status":"closed","template":"elementor_header_footer","meta":[],"yoast_head":"<!-- This site is optimized with the Yoast SEO plugin v14.2 - https:\/\/yoast.com\/wordpress\/plugins\/seo\/ -->\n<title>D\u1ecbch v\u1ee5 VIP - Massage Spa ch\u0103m s\u00f3c s\u1ee9c kh\u1ecfe v\u00e0 s\u1eafc \u0111\u1eb9p<\/title>\n<meta name=\"robots\" content=\"noindex, follow\" \/>\n<meta property=\"og:locale\" content=\"vi_VN\" \/>\n<meta property=\"og:type\" content=\"article\" \/>\n<meta property=\"og:title\" content=\"D\u1ecbch v\u1ee5 VIP - Massage Spa ch\u0103m s\u00f3c s\u1ee9c kh\u1ecfe v\u00e0 s\u1eafc \u0111\u1eb9p\" \/>\n<meta property=\"og:description\" content=\"G\u00f3i d\u1ecbch v\u1ee5 VIP bao g\u1ed3m ph\u00f2ng x\u00f4ng h\u01a1i \u01b0\u1edbt, t\u1eafm th\u1ea3o d\u01b0\u1ee3c, t\u1ea9y t\u1ebf b\u00e0o ch\u1ebft to\u00e0n th\u00e2n Massage truy\u1ec1n th\u1ed1ng Vi\u1ec7t Nam \u2013 90 ph\u00fat640.000 vnd M\u1ed9t ph\u01b0\u01a1ng ph\u00e1p \u0111i\u1ec1u tr\u1ecb truy\u1ec1n th\u1ed1ng, v\u1edbi nh\u1eefng t\u00e1c \u0111\u1ed9ng xoa b\u00f3p k\u1ebft h\u1ee3p b\u1ea5m huy\u1ec7t to\u00e0n c\u01a1 th\u1ec3 gi\u00fap l\u00e0m d\u1ecbu c\u01a1 b\u1eafp \u0111au nh\u1ee9t, [&hellip;]\" \/>\n<meta property=\"og:url\" content=\"https:\/\/coispa.com.vn\/vi\/vip-massages\/\" \/>\n<meta property=\"og:site_name\" content=\"Massage Spa ch\u0103m s\u00f3c s\u1ee9c kh\u1ecfe v\u00e0 s\u1eafc \u0111\u1eb9p\" \/>\n<meta property=\"article:publisher\" content=\"https:\/\/www.facebook.com\/coispahue\/\" \/>\n<meta property=\"article:modified_time\" content=\"2022-12-28T17:05:28+00:00\" \/>\n<meta name=\"twitter:card\" content=\"summary_large_image\" \/>\n<meta name=\"twitter:creator\" content=\"@coispahue\" \/>\n<meta name=\"twitter:site\" content=\"@coispahue\" \/>\n<script type=\"application\/ld+json\" class=\"yoast-schema-graph\">{\"@context\":\"https:\/\/schema.org\",\"@graph\":[{\"@type\":\"WebSite\",\"@id\":\"https:\/\/coispa.com.vn\/vi\/#website\",\"url\":\"https:\/\/coispa.com.vn\/vi\/\",\"name\":\"Massage Spa ch\\u0103m s\\u00f3c s\\u1ee9c kh\\u1ecfe v\\u00e0 s\\u1eafc \\u0111\\u1eb9p\",\"description\":\"C\\u1ed9i Spa\",\"potentialAction\":[{\"@type\":\"SearchAction\",\"target\":\"https:\/\/coispa.com.vn\/vi\/?s={search_term_string}\",\"query-input\":\"required name=search_term_string\"}],\"inLanguage\":\"vi\"},{\"@type\":\"WebPage\",\"@id\":\"https:\/\/coispa.com.vn\/vi\/vip-massages\/#webpage\",\"url\":\"https:\/\/coispa.com.vn\/vi\/vip-massages\/\",\"name\":\"D\\u1ecbch v\\u1ee5 VIP - Massage Spa ch\\u0103m s\\u00f3c s\\u1ee9c kh\\u1ecfe v\\u00e0 s\\u1eafc \\u0111\\u1eb9p\",\"isPartOf\":{\"@id\":\"https:\/\/coispa.com.vn\/vi\/#website\"},\"datePublished\":\"2022-12-28T02:18:47+00:00\",\"dateModified\":\"2022-12-28T17:05:28+00:00\",\"inLanguage\":\"vi\",\"potentialAction\":[{\"@type\":\"ReadAction\",\"target\":[\"https:\/\/coispa.com.vn\/vi\/vip-massages\/\"]}]}]}<\/script>\n<!-- \/ Yoast SEO plugin. -->","_links":{"self":[{"href":"https:\/\/coispa.com.vn\/vi\/wp-json\/wp\/v2\/pages\/1123"}],"collection":[{"href":"https:\/\/coispa.com.vn\/vi\/wp-json\/wp\/v2\/pages"}],"about":[{"href":"https:\/\/coispa.com.vn\/vi\/wp-json\/wp\/v2\/types\/page"}],"author":[{"embeddable":true,"href":"https:\/\/coispa.com.vn\/vi\/wp-json\/wp\/v2\/users\/1"}],"replies":[{"embeddable":true,"href":"https:\/\/coispa.com.vn\/vi\/wp-json\/wp\/v2\/comments?post=1123"}],"version-history":[{"count":5,"href":"https:\/\/coispa.com.vn\/vi\/wp-json\/wp\/v2\/pages\/1123\/revisions"}],"predecessor-version":[{"id":1188,"href":"https:\/\/coispa.com.vn\/vi\/wp-json\/wp\/v2\/pages\/1123\/revisions\/1188"}],"wp:attachment":[{"href":"https:\/\/coispa.com.vn\/vi\/wp-json\/wp\/v2\/media?parent=1123"}],"curies":[{"name":"wp","href":"https:\/\/api.w.org\/{rel}","templated":true}]}}